{"id":3,"date":"2019-08-16T00:50:59","date_gmt":"2019-08-15T22:50:59","guid":{"rendered":"http:\/\/10.8.0.16\/?page_id=3"},"modified":"2019-09-01T23:18:46","modified_gmt":"2019-09-01T21:18:46","slug":"datenschutzerklaerung","status":"publish","type":"page","link":"https:\/\/nachhilfe.jabawi.net\/index.php\/datenschutzerklaerung\/","title":{"rendered":"Datenschutzerkl\u00e4rung"},"content":{"rendered":"\n<h1>Datenschutzerkl\u00e4rung<\/h1>\n\n\n\n<h2 id=\"m14\">Einleitung<\/h2>\n\n\n\n<p>Mit der folgenden Datenschutzerkl\u00e4rung m\u00f6chten wir Sie dar\u00fcber aufkl\u00e4ren, welche Arten Ihrer personenbezogenen Daten (nachfolgend auch kurz als &#8222;Daten\u201c bezeichnet) wir zu welchen Zwecken und in welchem Umfang verarbeiten. Die Datenschutzerkl\u00e4rung gilt f\u00fcr alle von uns durchgef\u00fchrten Verarbeitungen personenbezogener Daten, sowohl im Rahmen der Erbringung unserer Leistungen als auch insbesondere auf unseren Webseiten, in mobilen Applikationen sowie innerhalb externer Onlinepr\u00e4senzen, wie z.B. unserer Social-Media-Profile (nachfolgend zusammenfassend bezeichnet als &#8222;Onlineangebot\u201c).<\/p>\n\n\n\n<p>Stand: 19. August 2019<\/p>\n\n\n\n<h2>Inhalts\u00fcbersicht<\/h2>\n\n\n\n<ul><li><a href=\"#m14\"> Einleitung<\/a><\/li><li><a href=\"#m3\"> Verantwortlicher<\/a><\/li><li><a href=\"#mOverview\"> \u00dcbersicht der Verarbeitungen<\/a><\/li><li><a href=\"#m13\"> Ma\u00dfgebliche Rechtsgrundlagen<\/a><\/li><li><a href=\"#m134\"> Einsatz von Cookies<\/a><\/li><li><a href=\"#m317\"> Kommerzielle und gesch\u00e4ftliche Leistungen<\/a><\/li><li><a href=\"#m182\"> Kontaktaufnahme<\/a><\/li><li><a href=\"#m12\"> L\u00f6schung von Daten<\/a><\/li><li><a href=\"#m15\"> \u00c4nderung und Aktualisierung der Datenschutzerkl\u00e4rung<\/a><\/li><li><a href=\"#m10\"> Rechte der betroffenen Personen<\/a><\/li><li><a href=\"#m42\"> Begriffsdefinitionen<\/a><\/li><\/ul>\n\n\n\n<h2 id=\"m3\">Verantwortlicher<\/h2>\n\n\n\n<figure class=\"wp-block-image is-resized\"><img loading=\"lazy\" src=\"http:\/\/10.8.0.16\/wp-content\/uploads\/2019\/09\/Bla6.png\" alt=\"\" class=\"wp-image-215\" width=\"361\" height=\"122\" srcset=\"https:\/\/nachhilfe.jabawi.net\/wp-content\/uploads\/2019\/09\/Bla6.png 309w, https:\/\/nachhilfe.jabawi.net\/wp-content\/uploads\/2019\/09\/Bla6-300x101.png 300w\" sizes=\"(max-width: 361px) 100vw, 361px\" \/><\/figure>\n\n\n\n<h2 id=\"mOverview\">\u00dcbersicht der Verarbeitungen<\/h2>\n\n\n\n<p>Die nachfolgende \u00dcbersicht fasst die Arten der verarbeiteten Daten und die Zwecke ihrer Verarbeitung zusammen und verweist auf die betroffenen Personen.<\/p>\n\n\n\n<h3>Arten der verarbeiteten Daten<\/h3>\n\n\n\n<ul><li>Bestandsdaten (z.B. Namen, Adressen).<\/li><li>Inhaltsdaten  (z.B. Texteingaben, Fotografien, Videos).<\/li><li>Kontaktdaten (z.B. E-Mail, Telefonnummern).<\/li><li>Meta-\/Kommunikationsdaten (z.B. Ger\u00e4te-Informationen, IP-Adressen).<\/li><li>Nutzungsdaten  (z.B. besuchte Webseiten, Interesse an Inhalten, Zugriffszeiten).<\/li><li>Vertragsdaten  (z.B. Vertragsgegenstand, Laufzeit, Kundenkategorie).<\/li><li>Zahlungsdaten (z.B. Bankverbindungen, Rechnungen, Zahlungshistorie).<\/li><\/ul>\n\n\n\n<h3>Kategorien betroffener Personen<\/h3>\n\n\n\n<ul><li>Gesch\u00e4fts- und Vertragspartner.<\/li><li>Interessenten.<\/li><li>Kommunikationspartner.<\/li><li>Nutzer (z.B. Webseitenbesucher, Nutzer von Onlinediensten).<\/li><\/ul>\n\n\n\n<h3>Zwecke der Verarbeitung<\/h3>\n\n\n\n<ul><li>B\u00fcro- und Organisationsverfahren.<\/li><li>Kontaktanfragen und Kommunikation.<\/li><li>Remarketing.<\/li><li>Reichweitenmessung (z.B. Zugriffsstatistiken, Erkennung wiederkehrender Besucher).<\/li><li>Tracking (z.B. interessens-\/verhaltensbezogenes Profiling, Nutzung von Cookies).<\/li><li>Vertragliche Leistungen und Service.<\/li><li>Verwaltung und Beantwortung von Anfragen.<\/li><\/ul>\n\n\n\n<h3 id=\"m13\">Ma\u00dfgebliche Rechtsgrundlagen<\/h3>\n\n\n\n<p>Im Folgenden teilen wir die Rechtsgrundlagen der Datenschutzgrundverordnung (DSGVO), auf deren Basis wir die personenbezogenen Daten verarbeiten, mit. Bitte beachten Sie, dass zus\u00e4tzlich zu den Regelungen der DSGVO die nationalen Datenschutzvorgaben in Ihrem bzw. unserem Wohn- und Sitzland gelten k\u00f6nnen.<\/p>\n\n\n\n<ul><li><strong>Einwilligung (Art. 6 Abs. 1 S. 1 lit. a DSGVO)<\/strong> &#8211; Die betroffene Person hat ihre Einwilligung in die Verarbeitung der sie betreffenden personenbezogenen Daten f\u00fcr einen spezifischen Zweck oder mehrere bestimmte Zwecke gegeben.<\/li><li><strong>Vertragserf\u00fcllung und vorvertragliche Anfragen (Art. 6 Abs. 1 S. 1 lit. b. DSGVO)<\/strong> &#8211; Die Verarbeitung ist f\u00fcr die Erf\u00fcllung eines Vertrags, dessen Vertragspartei die betroffene Person ist, oder zur Durchf\u00fchrung vorvertraglicher Ma\u00dfnahmen erforderlich, die auf Anfrage der betroffenen Person erfolgen.<\/li><li><strong>Rechtliche Verpflichtung (Art. 6 Abs. 1 S. 1 lit. c. DSGVO)<\/strong> &#8211; Die Verarbeitung ist zur Erf\u00fcllung einer rechtlichen Verpflichtung erforderlich, der der Verantwortliche unterliegt.<\/li><li><strong>Berechtigte Interessen (Art. 6 Abs. 1 S. 1 lit. f. DSGVO)<\/strong> &#8211; Die Verarbeitung ist zur Wahrung der berechtigten Interessen des Verantwortlichen oder eines Dritten erforderlich, sofern nicht die Interessen oder Grundrechte und Grundfreiheiten der betroffenen Person, die den Schutz personenbezogener Daten erfordern, \u00fcberwiegen.<\/li><\/ul>\n\n\n\n<p><strong>Nationale Datenschutzregelungen in Deutschland<\/strong>: Zus\u00e4tzlich zu den Datenschutzregelungen der Datenschutz-Grundverordnung gelten nationale Regelungen zum Datenschutz in Deutschland. Hierzu geh\u00f6rt insbesondere das Gesetz zum Schutz vor Missbrauch personenbezogener Daten bei der Datenverarbeitung (Bundesdatenschutzgesetz \u2013 BDSG). Das BDSG enth\u00e4lt insbesondere Spezialregelungen zum Recht auf Auskunft, zum Recht auf L\u00f6schung, zum Widerspruchsrecht, zur Verarbeitung besonderer Kategorien personenbezogener Daten, zur Verarbeitung f\u00fcr andere Zwecke und zur \u00dcbermittlung sowie automatisierten Entscheidungsfindung im Einzelfall einschlie\u00dflich Profiling. Des Weiteren regelt es die Datenverarbeitung f\u00fcr Zwecke des Besch\u00e4ftigungsverh\u00e4ltnisses (\u00a7 26 BDSG), insbesondere im Hinblick auf die Begr\u00fcndung, Durchf\u00fchrung oder Beendigung von Besch\u00e4ftigungsverh\u00e4ltnissen sowie die Einwilligung von Besch\u00e4ftigten. Ferner k\u00f6nnen Landesdatenschutzgesetze der einzelnen Bundesl\u00e4nder zur Anwendung gelangen.<\/p>\n\n\n\n<h2 id=\"m134\">Einsatz von Cookies<\/h2>\n\n\n\n<p>Als &#8222;Cookies\u201c werden kleine Dateien bezeichnet, die auf Ger\u00e4ten der Nutzer gespeichert werden. Mittels Cookies k\u00f6nnen unterschiedliche Angaben gespeichert werden. Zu den Angaben k\u00f6nnen z.B. die Spracheinstellungen auf einer Webseite, der Loginstatus, ein Warenkorb oder die Stelle, an der ein Video geschaut wurde, geh\u00f6ren. <\/p>\n\n\n\n<p>Cookies werden im Regelfall auch dann eingesetzt, wenn die Interessen eines Nutzers oder sein Verhalten (z.B. Betrachten bestimmter Inhalte, Nutzen von Funktionen etc.) auf einzelnen Webseiten in einem Nutzerprofil gespeichert werden. Solche Profile dienen dazu, den Nutzern z.B. Inhalte anzuzeigen, die ihren potentiellen Interessen entsprechen. Dieses Verfahren wird auch als &#8222;Tracking&#8220;, d.h., Nachverfolgung der potentiellen Interessen der Nutzer bezeichnet. Zu dem Begriff der Cookies z\u00e4hlen wir ferner andere Technologien, die die gleichen Funktionen wie Cookies erf\u00fcllen (z.B., wenn Angaben der Nutzer anhand pseudonymer Onlinekennzeichnungen gespeichert werden, auch als &#8222;Nutzer-IDs&#8220; bezeichnet).<\/p>\n\n\n\n<p>Soweit wir Cookies oder &#8222;Tracking&#8220;-Technologien einsetzen, informieren wir Sie gesondert in unserer Datenschutzerkl\u00e4rung. <\/p>\n\n\n\n<p><strong>Hinweise zu Rechtsgrundlagen: <\/strong> Auf welcher Rechtsgrundlage wir Ihre personenbezogenen Daten mit Hilfe von Cookies verarbeiten, h\u00e4ngt davon ab, ob wir Sie um eine Einwilligung bitten. Falls dies zutrifft und Sie in die Nutzung von Cookies einwilligen, ist die Rechtsgrundlage der Verarbeitung Ihrer Daten die erkl\u00e4rte Einwilligung. Andernfalls werden die mithilfe von Cookies verarbeiteten Daten auf Grundlage unserer berechtigten Interessen (z.B. an einem betriebswirtschaftlichen Betrieb unseres Onlineangebotes und dessen Verbesserung) verarbeitet oder, wenn der Einsatz von Cookies erforderlich ist, um unsere vertraglichen Verpflichtungen zu erf\u00fcllen.<\/p>\n\n\n\n<p><strong>Widerruf und Widerspruch (Opt-Out): <\/strong> Unabh\u00e4ngig davon, ob die Verarbeitung auf Grundlage einer Einwilligung oder gesetzlichen Erlaubnis erfolgt, haben Sie jederzeit die M\u00f6glichkeit, eine erteilte Einwilligung zu widerrufen oder der Verarbeitung Ihrer Daten durch Cookie-Technologien zu widersprechen (zusammenfassend als &#8222;Opt-Out&#8220; bezeichnet).<\/p>\n\n\n\n<p>Sie k\u00f6nnen Ihren Widerspruch zun\u00e4chst mittels der Einstellungen Ihres Browsers erkl\u00e4ren, z.B., indem Sie die Nutzung von Cookies deaktivieren (wobei hierdurch auch die Funktionsf\u00e4higkeit unseres Onlineangebotes eingeschr\u00e4nkt werden kann).<\/p>\n\n\n\n<p>Ein Widerspruch gegen den Einsatz von Cookies zu Zwecken des Onlinemarketings kann mittels einer Vielzahl von Diensten, vor allem im Fall des Trackings, \u00fcber die US-amerikanische Seite <a href=\"http:\/\/www.aboutads.info\/choices\/\" target=\"_blank\" rel=\"noreferrer noopener\">http:\/\/www.aboutads.info\/choices\/<\/a> oder die EU-Seite <a href=\"http:\/\/www.youronlinechoices.com\/\" target=\"_blank\" rel=\"noreferrer noopener\">http:\/\/www.youronlinechoices.com\/<\/a> oder generell auf <a href=\"http:\/\/optout.aboutads.info\" target=\"_blank\" rel=\"noreferrer noopener\">http:\/\/optout.aboutads.info<\/a> erkl\u00e4rt werden.<\/p>\n\n\n\n<ul><li><strong>Verarbeitete Datenarten:<\/strong> Nutzungsdaten  (z.B. besuchte Webseiten, Interesse an Inhalten, Zugriffszeiten), Meta-\/Kommunikationsdaten (z.B. Ger\u00e4te-Informationen, IP-Adressen).<\/li><li><strong>Betroffene Personen:<\/strong> Nutzer (z.B. Webseitenbesucher, Nutzer von Onlinediensten).<\/li><li><strong>Rechtsgrundlagen:<\/strong> Einwilligung (Art. 6 Abs. 1 S. 1 lit. a DSGVO), Berechtigte Interessen (Art. 6 Abs. 1 S. 1 lit. f. DSGVO).<\/li><\/ul>\n\n\n\n<h2 id=\"m317\">Kommerzielle und gesch\u00e4ftliche Leistungen<\/h2>\n\n\n\n<p>Wir verarbeiten Daten unserer Vertrags- und Gesch\u00e4ftspartner, z.B. Kunden und Interessenten (zusammenfassend bezeichnet als &#8222;Vertragspartner&#8220;) im Rahmen von vertraglichen und vergleichbaren Rechtsverh\u00e4ltnissen sowie damit verbundenen Ma\u00dfnahmen und im Rahmen der Kommunikation mit den Vertragspartnern (oder vorvertraglich), z.B., um Anfragen zu beantworten.<\/p>\n\n\n\n<p>Diese Daten verarbeiten wir zur Erf\u00fcllung unserer vertraglichen Pflichten, zur Sicherung unserer Rechte und zu Zwecken der mit diesen Angaben einhergehenden Verwaltungsaufgaben sowie der unternehmerischen Organisation. Die Daten der Vertragspartner geben wir im Rahmen des geltenden Rechts nur insoweit an Dritte weiter, als dies zu den vorgenannten Zwecken oder zur Erf\u00fcllung gesetzlicher Pflichten erforderlich ist oder mit Einwilligung der Vertragspartner erfolgt (z.B. an beteiligte Telekommunikations-, Transport- und sonstige Hilfsdienste sowie Subunternehmer, Banken, Steuer- und Rechtsberater, Zahlungsdienstleister oder Steuerbeh\u00f6rden). \u00dcber weitere Verarbeitungsformen, z.B. zu Zwecken des Marketings, werden die Vertragspartner im Rahmen dieser Datenschutzerkl\u00e4rung informiert.<\/p>\n\n\n\n<p>Welche Daten f\u00fcr die vorgenannten Zwecke erforderlich sind, teilen wir den Vertragspartnern vor oder im Rahmen der Datenerhebung, z.B. in Onlineformularen, durch besondere Kennzeichnung (z.B. Farben) bzw. Symbole (z.B. Sternchen o.\u00e4.), oder pers\u00f6nlich mit.<\/p>\n\n\n\n<p>Wir l\u00f6schen die Daten nach Ablauf gesetzlicher Gew\u00e4hrleistungs- und vergleichbarer Pflichten, d.h., grunds\u00e4tzlich nach Ablauf von 4 Jahren, es sei denn, dass die Daten in einem Kundenkonto gespeichert werden, z.B., solange sie aus gesetzlichen Gr\u00fcnden der Archivierung aufbewahrt werden m\u00fcssen (z.B. f\u00fcr Steuerzwecke im Regelfall 10 Jahre). Daten, die uns im Rahmen eines Auftrags durch den Vertragspartner offengelegt wurden, l\u00f6schen wir entsprechend den Vorgaben des Auftrags, grunds\u00e4tzlich nach Ende des Auftrags.<\/p>\n\n\n\n<p>Soweit wir zur Erbringung unserer Leistungen Drittanbieter oder Plattformen einsetzen, gelten im Verh\u00e4ltnis zwischen den Nutzern und den Anbietern die Gesch\u00e4ftsbedingungen und Datenschutzhinweise der jeweiligen Drittanbieter oder Plattformen.<\/p>\n\n\n\n<p><strong>Bildungs- und Schulungsleistungen<\/strong>: Wir verarbeiten die Daten der Teilnehmer unserer Bildungs- und Schulungsangebote (einheitlich bezeichnet als &#8222;Aus- und Fortzubildende\u201c), um ihnen gegen\u00fcber unsere Schulungsleistungen erbringen zu k\u00f6nnen. Die hierbei verarbeiteten Daten, die Art, der Umfang, der Zweck und die Erforderlichkeit ihrer Verarbeitung bestimmen sich nach dem zugrundeliegenden Vertrags- und Schulungsverh\u00e4ltnis. Zu den Verarbeitungsformen geh\u00f6ren auch die Leistungsbewertung und die Evaluation unserer Leistungen sowie jener der Lehrenden.<\/p>\n\n\n\n<p>In Rahmen unserer T\u00e4tigkeit k\u00f6nnen wir ferner besondere Kategorien von Daten, hier insbesondere Angaben zur Gesundheit der Aus- und Fortzubildenden sowie Daten, aus denen die ethnische Herkunft, politische Meinungen, religi\u00f6se oder weltanschauliche \u00dcberzeugungen hervorgehen, verarbeiten. Hierzu holen wir, sofern erforderlich, eine ausdr\u00fcckliche Einwilligung der Aus- und Fortzubildenden ein und verarbeiten die besonderen Kategorien von Daten ansonsten nur, wenn es zur Erbringung der Schulungsleistungen, zu Zwecken der Gesundheitsvorsorge, des Sozialschutzes oder des Schutzes lebensnotwendiger Interessen der Aus- und Fortzubildenden erforderlich ist.<\/p>\n\n\n\n<p>Sofern es f\u00fcr unsere Vertragserf\u00fcllung, zum Schutz lebenswichtiger Interessen oder gesetzlich erforderlich ist, bzw. eine Einwilligung der Aus- und Fortzubildenden vorliegt, offenbaren oder \u00fcbermitteln wir die Daten der Aus- und Fortzubildenden unter Beachtung der berufsrechtlichen Vorgaben an Dritte oder Beauftragte, wie z.B. Beh\u00f6rden oder im Bereich der IT, der B\u00fcro- oder vergleichbarer Dienstleistungen.<\/p>\n\n\n\n<ul><li><strong>Verarbeitete Datenarten:<\/strong> Bestandsdaten (z.B. Namen, Adressen), Zahlungsdaten (z.B. Bankverbindungen, Rechnungen, Zahlungshistorie), Kontaktdaten (z.B. E-Mail, Telefonnummern), Vertragsdaten  (z.B. Vertragsgegenstand, Laufzeit, Kundenkategorie).<\/li><li><strong>Betroffene Personen:<\/strong> Interessenten, Gesch\u00e4fts- und Vertragspartner.<\/li><li><strong>Zwecke der Verarbeitung:<\/strong> Vertragliche Leistungen und Service, Kontaktanfragen und Kommunikation, B\u00fcro- und Organisationsverfahren, Verwaltung und Beantwortung von Anfragen.<\/li><li><strong>Rechtsgrundlagen:<\/strong> Vertragserf\u00fcllung und vorvertragliche Anfragen (Art. 6 Abs. 1 S. 1 lit. b. DSGVO), Rechtliche Verpflichtung (Art. 6 Abs. 1 S. 1 lit. c. DSGVO), Berechtigte Interessen (Art. 6 Abs. 1 S. 1 lit. f. DSGVO).<\/li><\/ul>\n\n\n\n<h2 id=\"m182\">Kontaktaufnahme<\/h2>\n\n\n\n<p>Bei der Kontaktaufnahme mit uns (z.B. per Kontaktformular, E-Mail, Telefon oder via soziale Medien) werden die Angaben der anfragenden Personen verarbeitet, soweit dies zur Beantwortung der Kontaktanfragen und etwaiger angefragter Ma\u00dfnahmen erforderlich ist.<\/p>\n\n\n\n<p>Die Beantwortung der Kontaktanfragen im Rahmen von vertraglichen oder vorvertraglichen Beziehungen erfolgt zur Erf\u00fcllung unserer vertraglichen Pflichten oder zur Beantwortung von (vor)vertraglichen Anfragen und im \u00dcbrigen auf Grundlage der berechtigten Interessen an der Beantwortung der Anfragen.<\/p>\n\n\n\n<ul><li><strong>Verarbeitete Datenarten:<\/strong> Bestandsdaten (z.B. Namen, Adressen), Kontaktdaten (z.B. E-Mail, Telefonnummern), Inhaltsdaten  (z.B. Texteingaben, Fotografien, Videos).<\/li><li><strong>Betroffene Personen:<\/strong> Kommunikationspartner.<\/li><li><strong>Zwecke der Verarbeitung:<\/strong> Kontaktanfragen und Kommunikation.<\/li><li><strong>Rechtsgrundlagen:<\/strong> Vertragserf\u00fcllung und vorvertragliche Anfragen (Art. 6 Abs. 1 S. 1 lit. b. DSGVO), Berechtigte Interessen (Art. 6 Abs. 1 S. 1 lit. f. DSGVO).<\/li><\/ul>\n\n\n\n<h2 id=\"m12\">L\u00f6schung von Daten<\/h2>\n\n\n\n<p>Die von uns verarbeiteten Daten werden nach Ma\u00dfgabe der gesetzlichen Vorgaben gel\u00f6scht, sobald deren zur Verarbeitung erlaubten Einwilligungen widerrufen werden oder sonstige Erlaubnisse entfallen (z.B., wenn der Zweck der Verarbeitung dieser Daten entfallen ist oder sie f\u00fcr den Zweck nicht erforderlich sind).<\/p>\n\n\n\n<p>Sofern die Daten nicht gel\u00f6scht werden, weil sie f\u00fcr andere und gesetzlich zul\u00e4ssige Zwecke erforderlich sind, wird deren Verarbeitung auf diese Zwecke beschr\u00e4nkt. D.h., die Daten werden gesperrt und nicht f\u00fcr andere Zwecke verarbeitet. Das gilt z.B. f\u00fcr Daten, die aus handels- oder steuerrechtlichen Gr\u00fcnden aufbewahrt werden m\u00fcssen oder deren Speicherung zur Geltendmachung, Aus\u00fcbung oder Verteidigung von Rechtsanspr\u00fcchen oder zum Schutz der Rechte einer anderen nat\u00fcrlichen oder juristischen Person erforderlich ist.<\/p>\n\n\n\n<p>Weitere Hinweise zu der L\u00f6schung von personenbezogenen Daten k\u00f6nnen ferner im Rahmen der einzelnen Datenschutzhinweise dieser Datenschutzerkl\u00e4rung erfolgen.<\/p>\n\n\n\n<h2 id=\"m15\">\u00c4nderung und Aktualisierung der Datenschutzerkl\u00e4rung<\/h2>\n\n\n\n<p>Wir bitten Sie, sich regelm\u00e4\u00dfig \u00fcber den Inhalt unserer Datenschutzerkl\u00e4rung zu informieren. Wir passen die Datenschutzerkl\u00e4rung an, sobald die \u00c4nderungen der von uns durchgef\u00fchrten Datenverarbeitungen dies erforderlich machen. Wir informieren Sie, sobald durch die \u00c4nderungen eine Mitwirkungshandlung Ihrerseits (z.B. Einwilligung) oder eine sonstige individuelle Benachrichtigung erforderlich wird.<\/p>\n\n\n\n<h2 id=\"m10\">Rechte der betroffenen Personen<\/h2>\n\n\n\n<p>Ihnen stehen als Betroffene nach der DSGVO verschiedene Rechte zu, die sich insbesondere aus Art. 15 bis 18 und 21 DS-GVO ergeben:<\/p>\n\n\n\n<ul><li><strong>Widerspruchsrecht: Sie haben das Recht, aus Gr\u00fcnden, die sich aus Ihrer besonderen Situation ergeben, jederzeit gegen die Verarbeitung der Sie betreffenden personenbezogenen Daten, die aufgrund von Art. 6 Abs. 1 lit. e oder f DSGVO erfolgt, Widerspruch einzulegen; dies gilt auch f\u00fcr ein auf diese Bestimmungen gest\u00fctztes Profiling. Werden die Sie betreffenden personenbezogenen Daten verarbeitet, um Direktwerbung zu betreiben, haben Sie das Recht, jederzeit Widerspruch gegen die Verarbeitung der Sie betreffenden personenbezogenen Daten zum Zwecke derartiger Werbung einzulegen; dies gilt auch f\u00fcr das Profiling, soweit es mit solcher Direktwerbung in Verbindung steht.<\/strong><\/li><li><strong>Widerrufsrecht bei Einwilligungen:<\/strong> Sie haben das Recht, erteilte Einwilligungen jederzeit zu widerrufen.<\/li><li><strong>Auskunftsrecht:<\/strong> Sie haben das Recht, eine Best\u00e4tigung dar\u00fcber zu verlangen, ob betreffende Daten verarbeitet werden und auf Auskunft \u00fcber diese Daten sowie auf weitere Informationen und Kopie der Daten entsprechend den gesetzlichen Vorgaben.<\/li><li><strong>Recht auf Berichtigung:<\/strong> Sie haben entsprechend den gesetzlichen Vorgaben das Recht, die Vervollst\u00e4ndigung der Sie betreffenden Daten oder die Berichtigung der Sie betreffenden unrichtigen Daten zu verlangen.<\/li><li><strong>Recht auf L\u00f6schung und Einschr\u00e4nkung der Verarbeitung:<\/strong> Sie haben nach Ma\u00dfgabe der gesetzlichen Vorgaben das Recht, zu verlangen, dass Sie betreffende Daten unverz\u00fcglich gel\u00f6scht werden, bzw. alternativ nach Ma\u00dfgabe der gesetzlichen Vorgaben eine Einschr\u00e4nkung der Verarbeitung der Daten zu verlangen.<\/li><li><strong>Recht auf Daten\u00fcbertragbarkeit:<\/strong> Sie haben das Recht, Sie betreffende Daten, die Sie uns bereitgestellt haben, nach Ma\u00dfgabe der gesetzlichen Vorgaben in einem strukturierten, g\u00e4ngigen und maschinenlesbaren Format zu erhalten oder deren \u00dcbermittlung an einen anderen Verantwortlichen zu fordern.<\/li><li><strong>Beschwerde bei Aufsichtsbeh\u00f6rde:<\/strong> Sie haben ferner nach Ma\u00dfgabe der gesetzlichen Vorgaben das Recht,  bei einer Aufsichtsbeh\u00f6rde, insbesondere in dem Mitgliedstaat Ihres gew\u00f6hnlichen Aufenthaltsorts, Ihres Arbeitsplatzes oder des Orts des mutma\u00dflichen Versto\u00dfes, wenn Sie der Ansicht sind, dass die Verarbeitung der Sie betreffenden personenbezogenen Daten gegen die DSGVO verst\u00f6\u00dft.<\/li><\/ul>\n\n\n\n<h2 id=\"m42\">Begriffsdefinitionen<\/h2>\n\n\n\n<p>In diesem Abschnitt erhalten Sie eine \u00dcbersicht \u00fcber die in dieser Datenschutzerkl\u00e4rung verwendeten Begrifflichkeiten. Viele der Begriffe sind dem Gesetz entnommen und vor allem im Art. 4 DSGVO definiert. Die gesetzlichen Definitionen sind verbindlich. Die nachfolgenden Erl\u00e4uterungen sollen dagegen vor allem dem Verst\u00e4ndnis dienen. Die Begriffe sind alphabetisch sortiert.<\/p>\n\n\n\n<ul><li><strong>Personenbezogene Daten:<\/strong> &#8222;Personenbezogene Daten\u201c sind alle Informationen, die sich auf eine identifizierte oder identifizierbare nat\u00fcrliche Person (im Folgenden &#8222;betroffene Person\u201c) beziehen; als identifizierbar wird eine nat\u00fcrliche Person angesehen, die direkt oder indirekt, insbesondere mittels Zuordnung zu einer Kennung wie einem Namen, zu einer Kennnummer, zu Standortdaten, zu einer Online-Kennung (z.B. Cookie) oder zu einem oder mehreren besonderen Merkmalen identifiziert werden kann, die Ausdruck der physischen, physiologischen, genetischen, psychischen, wirtschaftlichen, kulturellen oder sozialen Identit\u00e4t dieser nat\u00fcrlichen Person sind. <\/li><li><strong>Reichweitenmessung:<\/strong> Die Reichweitenmessung (auch als Web Analytics bezeichnet) dient der Auswertung der Besucherstr\u00f6me eines Onlineangebotes und kann das Verhalten oder Interessen der Besucher an bestimmten Informationen, wie z.B. Inhalten von Webseiten, umfassen. Mit Hilfe der Reichweitenanalyse k\u00f6nnen Webseiteninhaber z.B. erkennen, zu welcher Zeit Besucher ihre Webseite besuchen und f\u00fcr welche Inhalte sie sich interessieren. Dadurch k\u00f6nnen sie z.B. die Inhalte der Webseite besser an die Bed\u00fcrfnisse ihrer Besucher anpassen. Zu Zwecken der Reichweitenanalyse werden h\u00e4ufig pseudonyme Cookies und Web-Beacons eingesetzt, um wiederkehrende Besucher zu erkennen und so genauere Analysen zur Nutzung eines Onlineangebotes zu erhalten. <\/li><li><strong>Remarketing:<\/strong> Vom &#8222;Remarketing\u201c bzw. &#8222;Retargeting\u201c spricht man, wenn z.B. zu Werbezwecken vermerkt wird, f\u00fcr welche Produkte sich ein Nutzer auf einer Webseite interessiert hat, um den Nutzer auf anderen Webseiten an diese Produkte, z.B. in Werbeanzeigen, zu erinnern. <\/li><li><strong>Tracking:<\/strong> Vom &#8222;Tracking\u201c spricht man, wenn das Verhalten von Nutzern \u00fcber mehrere Onlineangebote hinweg nachvollzogen werden kann. Im Regelfall werden im Hinblick auf die genutzten Onlineangebote Verhaltens- und Interessensinformationen in Cookies oder auf Servern der Anbieter der Trackingtechnologien gespeichert (sogenanntes Profiling). Diese Informationen k\u00f6nnen anschlie\u00dfend z.B. eingesetzt werden, um den Nutzern Werbeanzeigen anzuzeigen, die voraussichtlich deren Interessen entsprechen. <\/li><li><strong>Verantwortlicher:<\/strong> Als &#8222;Verantwortlicher\u201c wird die nat\u00fcrliche oder juristische Person, Beh\u00f6rde, Einrichtung oder andere Stelle, die allein oder gemeinsam mit anderen \u00fcber die Zwecke und Mittel der Verarbeitung von personenbezogenen Daten entscheidet, bezeichnet. <\/li><li><strong>Verarbeitung:<\/strong> &#8222;Verarbeitung&#8220; ist jeder mit oder ohne Hilfe automatisierter Verfahren ausgef\u00fchrte Vorgang oder jede solche Vorgangsreihe im Zusammenhang mit personenbezogenen Daten. Der Begriff reicht weit und umfasst praktisch jeden Umgang mit Daten, sei es das Erheben, das Auswerten, das Speichern, das \u00dcbermitteln oder das L\u00f6schen. <\/li><\/ul>\n\n\n\n<p><a href=\"https:\/\/datenschutz-generator.de\/?l=de\" target=\"_blank\" rel=\"noreferrer noopener\">Erstellt mit Datenschutz-Generator.de von Dr. jur. Thomas Schwenke<\/a><\/p>\n","protected":false},"excerpt":{"rendered":"<p>Datenschutzerkl\u00e4rung Einleitung Mit der folgenden Datenschutzerkl\u00e4rung m\u00f6chten wir Sie dar\u00fcber aufkl\u00e4ren, welche Arten Ihrer personenbezogenen Daten (nachfolgend auch kurz als &#8222;Daten\u201c bezeichnet) wir zu welchen Zwecken und in welchem Umfang verarbeiten. Die Datenschutzerkl\u00e4rung gilt f\u00fcr alle von uns durchgef\u00fchrten Verarbeitungen personenbezogener Daten, sowohl im Rahmen der Erbringung unserer Leistungen als auch insbesondere auf unseren Webseiten, [&hellip;]<\/p>\n","protected":false},"author":1,"featured_media":0,"parent":0,"menu_order":0,"comment_status":"closed","ping_status":"open","template":"","meta":[],"_links":{"self":[{"href":"https:\/\/nachhilfe.jabawi.net\/index.php\/wp-json\/wp\/v2\/pages\/3"}],"collection":[{"href":"https:\/\/nachhilfe.jabawi.net\/index.php\/wp-json\/wp\/v2\/pages"}],"about":[{"href":"https:\/\/nachhilfe.jabawi.net\/index.php\/wp-json\/wp\/v2\/types\/page"}],"author":[{"embeddable":true,"href":"https:\/\/nachhilfe.jabawi.net\/index.php\/wp-json\/wp\/v2\/users\/1"}],"replies":[{"embeddable":true,"href":"https:\/\/nachhilfe.jabawi.net\/index.php\/wp-json\/wp\/v2\/comments?post=3"}],"version-history":[{"count":4,"href":"https:\/\/nachhilfe.jabawi.net\/index.php\/wp-json\/wp\/v2\/pages\/3\/revisions"}],"predecessor-version":[{"id":216,"href":"https:\/\/nachhilfe.jabawi.net\/index.php\/wp-json\/wp\/v2\/pages\/3\/revisions\/216"}],"wp:attachment":[{"href":"https:\/\/nachhilfe.jabawi.net\/index.php\/wp-json\/wp\/v2\/media?parent=3"}],"curies":[{"name":"wp","href":"https:\/\/api.w.org\/{rel}","templated":true}]}}