{"id":76,"date":"2019-08-19T01:32:13","date_gmt":"2019-08-18T23:32:13","guid":{"rendered":"http:\/\/10.8.0.16\/?page_id=76"},"modified":"2019-08-21T23:02:42","modified_gmt":"2019-08-21T21:02:42","slug":"weitere-informationen","status":"publish","type":"page","link":"https:\/\/nachhilfe.jabawi.net\/index.php\/weitere-informationen\/","title":{"rendered":"Weitere Informationen"},"content":{"rendered":"\n<p style=\"font-size:18px\"><strong>Nachhilfef\u00e4cher:<\/strong><br><br>F\u00fcr die Jahrg\u00e4nge <strong>5-13<\/strong> biete ich Nachhilfe in den F\u00e4chern <strong>Chemie<\/strong> und <strong>Physik<\/strong> an. <br>Zus\u00e4tzlich biete ich f\u00fcr die Jahrg\u00e4nge <strong>5-11<\/strong> Nachhilfe in <strong>Mathematik<\/strong>.<br><br><\/p>\n\n\n\n<p class=\"has-medium-font-size\"><strong>Bezahlung:<\/strong><br><\/p>\n\n\n\n<p style=\"font-size:18px\">Ich nehme pro Stunde <strong>10 <\/strong>Euro sofern der Unterricht bei mir Zuhause stattfindet. <\/p>\n\n\n\n<p style=\"font-size:18px\">Es besteht auch die M\u00f6glichkeit dass ich zu Dir nach Hause komme. Je nach Entfernung zu meinem Wohnort, nehme ich  <strong>11-15<\/strong> Euro pro Stunde. <br><br><br>Die <strong>Probestunde<\/strong> ist nat\u00fcrlich <strong>kostenlos<\/strong>!<\/p>\n","protected":false},"excerpt":{"rendered":"<p>Nachhilfef\u00e4cher: F\u00fcr die Jahrg\u00e4nge 5-13 biete ich Nachhilfe in den F\u00e4chern Chemie und Physik an. Zus\u00e4tzlich biete ich f\u00fcr die Jahrg\u00e4nge 5-11 Nachhilfe in Mathematik. Bezahlung: Ich nehme pro Stunde 10 Euro sofern der Unterricht bei mir Zuhause stattfindet. Es besteht auch die M\u00f6glichkeit dass ich zu Dir nach Hause komme. Je nach Entfernung zu [&hellip;]<\/p>\n","protected":false},"author":1,"featured_media":0,"parent":0,"menu_order":0,"comment_status":"closed","ping_status":"closed","template":"","meta":[],"_links":{"self":[{"href":"https:\/\/nachhilfe.jabawi.net\/index.php\/wp-json\/wp\/v2\/pages\/76"}],"collection":[{"href":"https:\/\/nachhilfe.jabawi.net\/index.php\/wp-json\/wp\/v2\/pages"}],"about":[{"href":"https:\/\/nachhilfe.jabawi.net\/index.php\/wp-json\/wp\/v2\/types\/page"}],"author":[{"embeddable":true,"href":"https:\/\/nachhilfe.jabawi.net\/index.php\/wp-json\/wp\/v2\/users\/1"}],"replies":[{"embeddable":true,"href":"https:\/\/nachhilfe.jabawi.net\/index.php\/wp-json\/wp\/v2\/comments?post=76"}],"version-history":[{"count":6,"href":"https:\/\/nachhilfe.jabawi.net\/index.php\/wp-json\/wp\/v2\/pages\/76\/revisions"}],"predecessor-version":[{"id":163,"href":"https:\/\/nachhilfe.jabawi.net\/index.php\/wp-json\/wp\/v2\/pages\/76\/revisions\/163"}],"wp:attachment":[{"href":"https:\/\/nachhilfe.jabawi.net\/index.php\/wp-json\/wp\/v2\/media?parent=76"}],"curies":[{"name":"wp","href":"https:\/\/api.w.org\/{rel}","templated":true}]}}